{"id":27,"date":"2024-04-09T17:30:05","date_gmt":"2024-04-09T15:30:05","guid":{"rendered":"http:\/\/www.mayjan.es\/blog\/?page_id=27"},"modified":"2024-05-28T16:01:07","modified_gmt":"2024-05-28T14:01:07","slug":"quienes-somos","status":"publish","type":"page","link":"https:\/\/www.mayjan.es\/blog\/quienes-somos\/","title":{"rendered":"\u00bfQui\u00e9nes Somos?"},"content":{"rendered":"\t\t<div data-elementor-type=\"wp-page\" data-elementor-id=\"27\" class=\"elementor elementor-27\" data-elementor-post-type=\"page\">\n\t\t\t\t<div class=\"elementor-element elementor-element-3b02667 e-con-full e-flex e-con e-parent\" data-id=\"3b02667\" data-element_type=\"container\" data-e-type=\"container\" data-settings=\"{&quot;background_background&quot;:&quot;classic&quot;}\">\n\t\t\t\t<\/div>\n\t\t<div class=\"elementor-element elementor-element-82cc83a e-flex e-con-boxed e-con e-parent\" data-id=\"82cc83a\" data-element_type=\"container\" data-e-type=\"container\">\n\t\t\t\t\t<div class=\"e-con-inner\">\n\t\t\t\t<div class=\"elementor-element elementor-element-a8291b6 elementor-widget__width-initial elementor-widget-mobile__width-inherit elementor-widget elementor-widget-heading\" data-id=\"a8291b6\" data-element_type=\"widget\" data-e-type=\"widget\" data-widget_type=\"heading.default\">\n\t\t\t\t<div class=\"elementor-widget-container\">\n\t\t\t\t\t<h1 class=\"elementor-heading-title elementor-size-default\">Qui\u00e9nes <span class=\"titulo-700\">somos<\/span><\/h1>\t\t\t\t<\/div>\n\t\t\t\t<\/div>\n\t\t\t\t<div class=\"elementor-element elementor-element-7eddedb elementor-widget__width-initial elementor-widget-mobile__width-inherit elementor-widget elementor-widget-text-editor\" data-id=\"7eddedb\" data-element_type=\"widget\" data-e-type=\"widget\" data-widget_type=\"text-editor.default\">\n\t\t\t\t<div class=\"elementor-widget-container\">\n\t\t\t\t\t\t\t\t\t<p>Somos pioneros en Espa\u00f1a en Formaci\u00f3n, concienciaci\u00f3n y soluciones para evitar la <strong>sumisi\u00f3n qu\u00edmica.<\/strong><\/p><p>Fabricamos en Espa\u00f1a, con personas en <strong>riesgo de exclusi\u00f3n socio laboral<\/strong>, con <strong>materiales ecol\u00f3gicos y reciclados<\/strong>, consiguiendo sin embargo para llegar a nuestros clientes productos con una alta calidad y un bajo coste.\u00a0<\/p><p>Contamos con un <strong>protocolo de actuaci\u00f3n<\/strong> que posibilita que estemos en alerta y podamos asistir a las v\u00edctimas de manera eficaz y segura.\u00a0<\/p><p>Somos un <strong>equipo de mujeres comprometidas<\/strong> con una misi\u00f3n clara: ayudar a las personas a liberarse de los miedos que impiden descubrir y desplegar toda su fuerza. Creemos firmemente que no hay nada m\u00e1s poderoso que alguien libre de miedo.\u00a0<\/p><p>Nuestra iniciativa va m\u00e1s all\u00e1 de ofrecer productos; es una invitaci\u00f3n a unirse a una aventura de empoderamiento y apoyo mutuo. Te animamos a compartir tus ideas, impresiones, inquietudes y experiencias, tanto las buenas como las desafiantes, para juntas superar estos miedos.\u00a0<\/p><p>Queremos que esta experiencia sea compartida con aquellos a quienes m\u00e1s quieres, extendiendo la invitaci\u00f3n a unirse a nuestra comunidad. Porque estamos convencidas de que <strong>\u00a1juntas somos m\u00e1s fuertes!<\/strong> Ven y forma parte de este movimiento de cambio, donde cada paso que damos hacia la seguridad personal refuerza nuestra colectividad y fortaleza.\u00a0<\/p>\t\t\t\t\t\t\t\t<\/div>\n\t\t\t\t<\/div>\n\t\t\t\t\t<\/div>\n\t\t\t\t<\/div>\n\t\t<div class=\"elementor-element elementor-element-03bcb96 e-flex e-con-boxed e-con e-parent\" data-id=\"03bcb96\" data-element_type=\"container\" data-e-type=\"container\" data-settings=\"{&quot;background_background&quot;:&quot;classic&quot;}\">\n\t\t\t\t\t<div class=\"e-con-inner\">\n\t\t\t\t<div class=\"elementor-element elementor-element-7e9c87d elementor-widget__width-auto elementor-view-default elementor-widget elementor-widget-icon\" data-id=\"7e9c87d\" data-element_type=\"widget\" data-e-type=\"widget\" data-widget_type=\"icon.default\">\n\t\t\t\t<div class=\"elementor-widget-container\">\n\t\t\t\t\t\t\t<div class=\"elementor-icon-wrapper\">\n\t\t\t<div class=\"elementor-icon\">\n\t\t\t<svg xmlns=\"http:\/\/www.w3.org\/2000\/svg\" width=\"136\" height=\"135\" viewBox=\"0 0 136 135\" fill=\"none\"><path d=\"M23.2889 135.001C23.3038 134.971 23.3187 134.941 23.3335 134.907C23.3087 134.931 23.2889 134.951 23.2642 134.976L23.2889 135.001Z\" fill=\"white\"><\/path><path d=\"M135.707 52.509C135.619 52.2582 135.535 52.0074 135.447 51.7566C116.829 56.4479 98.2116 61.1392 79.0137 65.978C85.195 54.5104 91.9467 44.1738 97.5231 33.2029C97.3461 33.0947 97.1691 32.9915 96.9969 32.8833C88.6077 41.9659 80.2135 51.0436 71.4161 60.5688C69.9999 39.9645 68.6279 19.9994 67.2609 0.0344225C67.1822 0.0245875 67.1035 0.00983499 67.0199 0C65.5987 19.847 64.1825 39.694 62.7122 60.2541C53.8951 50.8764 45.56 42.0102 37.2248 33.1439C37.0478 33.316 36.8707 33.4931 36.6937 33.6701C42.7373 44.2525 48.7809 54.835 55.1835 66.0419C36.2856 61.4982 18.4252 56.2512 0.274755 52.209C0.210828 52.4254 0.151818 52.6369 0.0878906 52.8532C17.4368 59.9197 34.7857 66.991 52.71 74.2935C40.9769 79.6487 29.8535 84.7235 18.7301 89.7984C18.799 90.0196 18.8629 90.2409 18.9317 90.4671C30.778 88.0231 42.6242 85.5841 54.5196 83.1302C54.6229 84.3694 54.018 84.9989 53.605 85.6726C45.9779 97.9909 38.287 110.27 30.7042 122.618C28.2061 126.689 25.3245 130.535 23.3378 134.911C23.7804 134.474 24.2525 134.061 24.6508 133.589C33.3351 123.247 42.0095 112.901 50.6938 102.559C54.5147 98.0106 58.3504 93.4816 62.5942 88.451C64.0645 102.107 65.4611 115.138 66.8625 128.174C66.9953 128.165 67.1232 128.15 67.2559 128.14C68.7017 115.045 70.1474 101.945 71.6719 88.1657C84.8261 103.784 97.5034 118.841 110.186 133.903C110.314 133.8 110.446 133.702 110.574 133.598C100.159 116.943 89.7436 100.287 78.9153 82.9778C91.8975 85.7906 104.142 88.446 116.392 91.0966C116.47 90.8704 116.544 90.6442 116.623 90.418C105.381 84.6547 93.594 80.0175 81.7675 74.1214C100.154 66.7599 117.931 59.6394 135.712 52.5238L135.707 52.509ZM80.0119 78.5717C76.8598 78.1832 73.8847 77.0227 70.5654 76.9293C72.3456 79.4765 73.6536 82.009 74.3568 84.9743C72.5718 82.845 70.7818 80.7158 68.7164 78.2521C68.1903 81.2026 68.0378 83.8088 67.1674 86.2922C66.9363 84.2711 66.715 82.2451 66.4593 80.2191C66.4003 79.7519 66.3216 79.1372 65.7463 79.1126C65.4512 79.1028 65.0775 79.506 64.8365 79.7962C62.5548 82.5303 60.2879 85.2841 57.8291 87.91C59.5551 84.8809 61.2861 81.8566 62.9974 78.8225C63.2679 78.3406 63.8284 77.78 63.499 77.2686C63.081 76.6195 62.3139 77.003 61.7041 77.1161C60.0026 77.4358 58.311 77.7898 56.4817 77.6866C58.6651 76.5752 60.8534 75.4589 63.3908 74.1656C59.7223 72.4937 56.3539 70.9594 52.9854 69.4252C53.0149 69.3317 53.0395 69.2383 53.069 69.1449C56.3293 69.8874 59.5896 70.6251 62.8548 71.3676C63.081 71.2004 63.3023 71.0283 63.5285 70.8611C63.0269 69.1055 61.5861 67.7532 61.1779 65.6043C63.3121 66.5288 64.2661 68.4368 66.2134 69.7497C66.6708 64.3651 67.1084 59.2656 67.3936 55.8972C68.0427 59.2165 67.905 64.37 68.7066 69.8628C70.6244 67.8319 72.3111 66.0419 74.4502 63.775C74.2634 64.5274 74.0027 65.2011 73.7077 65.8256C72.8225 67.6942 71.6423 69.1055 71.2293 70.866C71.3866 71.043 71.5391 71.2151 71.6964 71.3922C74.7895 70.984 77.7253 69.5924 80.9266 69.7743C77.9171 71.1365 74.9469 72.4839 71.5637 74.0181C74.3175 76.1425 77.4499 76.8113 80.0218 78.5717H80.0119Z\" fill=\"white\"><\/path><\/svg>\t\t\t<\/div>\n\t\t<\/div>\n\t\t\t\t\t\t<\/div>\n\t\t\t\t<\/div>\n\t\t\t\t<div class=\"elementor-element elementor-element-d675834 elementor-widget__width-initial elementor-widget-tablet__width-inherit elementor-widget-mobile__width-inherit elementor-widget elementor-widget-text-editor\" data-id=\"d675834\" data-element_type=\"widget\" data-e-type=\"widget\" data-widget_type=\"text-editor.default\">\n\t\t\t\t<div class=\"elementor-widget-container\">\n\t\t\t\t\t\t\t\t\t<p>Esta es la\u00a0 estrella que nos gu\u00eda, un gran homenaje a <strong>Pipo<\/strong> <br \/>y la determinaci\u00f3n de una familia para que no vuelva a suceder a nadie m\u00e1s.\u00a0<\/p>\t\t\t\t\t\t\t\t<\/div>\n\t\t\t\t<\/div>\n\t\t\t\t\t<\/div>\n\t\t\t\t<\/div>\n\t\t<div class=\"elementor-element elementor-element-7f89620 e-flex e-con-boxed e-con e-parent\" data-id=\"7f89620\" data-element_type=\"container\" data-e-type=\"container\">\n\t\t\t\t\t<div class=\"e-con-inner\">\n\t\t\t\t<div class=\"elementor-element elementor-element-e4ab466 elementor-align-center elementor-widget elementor-widget-button\" data-id=\"e4ab466\" data-element_type=\"widget\" data-e-type=\"widget\" data-widget_type=\"button.default\">\n\t\t\t\t<div class=\"elementor-widget-container\">\n\t\t\t\t\t\t\t\t\t<div class=\"elementor-button-wrapper\">\n\t\t\t\t\t<a class=\"elementor-button elementor-button-link elementor-size-sm elementor-animation-grow\" href=\"https:\/\/pabloescribanotaioli.com\/asociacion\/\" target=\"_blank\" rel=\"nofollow noopener\">\n\t\t\t\t\t\t<span class=\"elementor-button-content-wrapper\">\n\t\t\t\t\t\t\t\t\t<span class=\"elementor-button-text\">Conoce m\u00e1s<\/span>\n\t\t\t\t\t<\/span>\n\t\t\t\t\t<\/a>\n\t\t\t\t<\/div>\n\t\t\t\t\t\t\t\t<\/div>\n\t\t\t\t<\/div>\n\t\t\t\t\t<\/div>\n\t\t\t\t<\/div>\n\t\t<div class=\"elementor-element elementor-element-ec21b40 e-flex e-con-boxed e-con e-parent\" data-id=\"ec21b40\" data-element_type=\"container\" data-e-type=\"container\">\n\t\t\t\t\t<div class=\"e-con-inner\">\n\t\t\t\t<div class=\"elementor-element elementor-element-9a8c85f elementor-widget__width-initial elementor-widget-mobile__width-inherit elementor-widget elementor-widget-heading\" data-id=\"9a8c85f\" data-element_type=\"widget\" data-e-type=\"widget\" data-widget_type=\"heading.default\">\n\t\t\t\t<div class=\"elementor-widget-container\">\n\t\t\t\t\t<h2 class=\"elementor-heading-title elementor-size-default\">Nuestro <span class=\"titulo-700\">equipo<\/span><\/h2>\t\t\t\t<\/div>\n\t\t\t\t<\/div>\n\t\t\t\t<div class=\"elementor-element elementor-element-fbbee71 elementor-widget__width-inherit skin--default skin--tablet-default skin--mobile-default elementor-widget elementor-widget-bdt-image-accordion\" data-id=\"fbbee71\" data-element_type=\"widget\" data-e-type=\"widget\" data-widget_type=\"bdt-image-accordion.default\">\n\t\t\t\t<div class=\"elementor-widget-container\">\n\t\t\t\t\t\n\t\t<div id=\"bdt-ep-image-accordion-fbbee71\" class=\"bdt-ep-image-accordion\" data-settings=\"{&quot;tabs_id&quot;:&quot;bdt-ep-image-accordion-fbbee71&quot;,&quot;mouse_event&quot;:&quot;mouseover&quot;}\">\n\t\t\t\n\t\t\t\t\t\t\t\t\t<div class=\"bdt-ep-image-accordion-item\" style=\"background-image: url('https:\/\/www.mayjan.es\/blog\/wp-content\/uploads\/2024\/05\/Gema-Enero-Sanchez.webp');\">\n\t\t\t\t\t\t\t\t\t\t\t\t        <div class=\"bdt-ep-image-accordion-content\">\n\t\t\t\n\t\t\t\t\t\t\t\t\t\t\t\t<h2 class=\"bdt-ep-image-accordion-title\">\n\t\t\t\t\t\tGema Enero S\u00e1nchez\t\t\t\t\t<\/h2>\n\t\t\t\t\t\t\t\n\t\t\t\t\t\t\t<div class=\"bdt-ep-image-accordion-text\">\n\t\t\t\t\t<p>Ceo &amp; CoFounder<\/p>\t\t\t\t<\/div>\n\t\t\t\n\t\t\t\t\t\t\t<div class=\"bdt-ep-image-accordion-button\">\n\t\t\t\t\t\t\t\t\t\t\t<a href=\"https:\/\/www.linkedin.com\/in\/gema-enero-s\u00e1nchez-11703083\/\" target=\"_blank\" rel=\"nofollow noopener\">\n\t\t\t\t\t\t\t\t\t\t\tLinkedIn\t\t\t\t\t\t\t\t\t\t\t<\/a>\n\t\t\t\t\t\t\t\t\t<\/div>\n\t\t\t\t\t<\/div>\n        \t\t\t\t\t<\/div>\n\t\t\t\t\n\t\t\t\n\t\t\t\t\t\t\t\t\t<div class=\"bdt-ep-image-accordion-item\" style=\"background-image: url('https:\/\/www.mayjan.es\/blog\/wp-content\/uploads\/2024\/05\/May-Camara.webp');\">\n\t\t\t\t\t\t\t\t\t\t\t\t        <div class=\"bdt-ep-image-accordion-content\">\n\t\t\t\n\t\t\t\t\t\t\t\t\t\t\t\t<h2 class=\"bdt-ep-image-accordion-title\">\n\t\t\t\t\t\tMay C\u00e1mara\t\t\t\t\t<\/h2>\n\t\t\t\t\t\t\t\n\t\t\t\t\t\t\t<div class=\"bdt-ep-image-accordion-text\">\n\t\t\t\t\t<p>Cofounder &amp; Direcci\u00f3n Financiera<\/p>\t\t\t\t<\/div>\n\t\t\t\n\t\t\t\t\t\t\t<div class=\"bdt-ep-image-accordion-button\">\n\t\t\t\t\t\t\t\t\t\t\t<a href=\"https:\/\/www.linkedin.com\/in\/may-c\u00e1mara-373947ba\/\" target=\"_blank\" rel=\"nofollow noopener\">\n\t\t\t\t\t\t\t\t\t\t\tLinkedIn\t\t\t\t\t\t\t\t\t\t\t<\/a>\n\t\t\t\t\t\t\t\t\t<\/div>\n\t\t\t\t\t<\/div>\n        \t\t\t\t\t<\/div>\n\t\t\t\t\n\t\t\t\n\t\t\t\t\t\t\t\t\t<div class=\"bdt-ep-image-accordion-item\" style=\"background-image: url('https:\/\/www.mayjan.es\/blog\/wp-content\/uploads\/2024\/05\/Montserrat-Balanz-Garcia.webp');\">\n\t\t\t\t\t\t\t\t\t\t\t\t        <div class=\"bdt-ep-image-accordion-content\">\n\t\t\t\n\t\t\t\t\t\t\t\t\t\t\t\t<h2 class=\"bdt-ep-image-accordion-title\">\n\t\t\t\t\t\tMontserrat Balanz Garc\u00eda\t\t\t\t\t<\/h2>\n\t\t\t\t\t\t\t\n\t\t\t\t\t\t\t<div class=\"bdt-ep-image-accordion-text\">\n\t\t\t\t\t<p>Community Manager<\/p>\t\t\t\t<\/div>\n\t\t\t\n\t\t\t\t\t\t\t<div class=\"bdt-ep-image-accordion-button\">\n\t\t\t\t\t\t\t\t\t\t\t<a href=\"https:\/\/www.linkedin.com\/in\/montserratbalanzgarcia\/\" target=\"_blank\" rel=\"nofollow noopener\">\n\t\t\t\t\t\t\t\t\t\t\tLinkedIn\t\t\t\t\t\t\t\t\t\t\t<\/a>\n\t\t\t\t\t\t\t\t\t<\/div>\n\t\t\t\t\t<\/div>\n        \t\t\t\t\t<\/div>\n\t\t\t\t\n\t\t\t\n\t\t\t\t\t\t\t\t\t<div class=\"bdt-ep-image-accordion-item\" style=\"background-image: url('https:\/\/www.mayjan.es\/blog\/wp-content\/uploads\/2024\/05\/Esmeralda-Guio.webp');\">\n\t\t\t\t\t\t\t\t\t\t\t\t        <div class=\"bdt-ep-image-accordion-content\">\n\t\t\t\n\t\t\t\t\t\t\t\t\t\t\t\t<h2 class=\"bdt-ep-image-accordion-title\">\n\t\t\t\t\t\tEsmeralda Gu\u00edo\t\t\t\t\t<\/h2>\n\t\t\t\t\t\t\t\n\t\t\t\t\t\t\t<div class=\"bdt-ep-image-accordion-text\">\n\t\t\t\t\t<p>Direcci\u00f3n de marketing<\/p>\t\t\t\t<\/div>\n\t\t\t\n\t\t\t\t\t\t\t<div class=\"bdt-ep-image-accordion-button\">\n\t\t\t\t\t\t\t\t\t\t\t<a href=\"https:\/\/www.linkedin.com\/in\/esmeralda-guio\/\" target=\"_blank\" rel=\"nofollow noopener\">\n\t\t\t\t\t\t\t\t\t\t\tLinkedIn\t\t\t\t\t\t\t\t\t\t\t<\/a>\n\t\t\t\t\t\t\t\t\t<\/div>\n\t\t\t\t\t<\/div>\n        \t\t\t\t\t<\/div>\n\t\t\t\t\n\t\t\t\t\t<\/div>\n\t\t\t\t\t\t<\/div>\n\t\t\t\t<\/div>\n\t\t<div class=\"elementor-element elementor-element-712c7fe e-flex e-con-boxed e-con e-child\" data-id=\"712c7fe\" data-element_type=\"container\" data-e-type=\"container\">\n\t\t\t\t\t<div class=\"e-con-inner\">\n\t\t\t\t<div class=\"elementor-element elementor-element-2fb5145 elementor-widget elementor-widget-heading\" data-id=\"2fb5145\" data-element_type=\"widget\" data-e-type=\"widget\" data-widget_type=\"heading.default\">\n\t\t\t\t<div class=\"elementor-widget-container\">\n\t\t\t\t\t<p class=\"elementor-heading-title elementor-size-default\">Si quieres saber m\u00e1s<\/p>\t\t\t\t<\/div>\n\t\t\t\t<\/div>\n\t\t\t\t<div class=\"elementor-element elementor-element-92f2f8f elementor-widget elementor-widget-button\" data-id=\"92f2f8f\" data-element_type=\"widget\" data-e-type=\"widget\" data-widget_type=\"button.default\">\n\t\t\t\t<div class=\"elementor-widget-container\">\n\t\t\t\t\t\t\t\t\t<div class=\"elementor-button-wrapper\">\n\t\t\t\t\t<a class=\"elementor-button elementor-button-link elementor-size-sm elementor-animation-grow\" href=\"https:\/\/www.mayjan.es\/blog\/contacto\/\">\n\t\t\t\t\t\t<span class=\"elementor-button-content-wrapper\">\n\t\t\t\t\t\t\t\t\t<span class=\"elementor-button-text\">Contactanos<\/span>\n\t\t\t\t\t<\/span>\n\t\t\t\t\t<\/a>\n\t\t\t\t<\/div>\n\t\t\t\t\t\t\t\t<\/div>\n\t\t\t\t<\/div>\n\t\t\t\t\t<\/div>\n\t\t\t\t<\/div>\n\t\t\t\t\t<\/div>\n\t\t\t\t<\/div>\n\t\t\t\t<\/div>\n\t\t","protected":false},"excerpt":{"rendered":"<p>Somos pioneros en Espa\u00f1a en Formaci\u00f3n, concienciaci\u00f3n y soluciones para evitar la sumisi\u00f3n qu\u00edmica. Fabricamos en Espa\u00f1a, con personas en riesgo de exclusi\u00f3n socio laboral, con materiales ecol\u00f3gicos y reciclados, consiguiendo sin embargo para llegar a nuestros clientes productos con una alta calidad y un bajo coste. <\/p>\n","protected":false},"author":2,"featured_media":1598,"parent":0,"menu_order":0,"comment_status":"closed","ping_status":"closed","template":"elementor_header_footer","meta":{"_joinchat":[],"footnotes":""},"class_list":["post-27","page","type-page","status-publish","has-post-thumbnail","hentry"],"_links":{"self":[{"href":"https:\/\/www.mayjan.es\/blog\/wp-json\/wp\/v2\/pages\/27","targetHints":{"allow":["GET"]}}],"collection":[{"href":"https:\/\/www.mayjan.es\/blog\/wp-json\/wp\/v2\/pages"}],"about":[{"href":"https:\/\/www.mayjan.es\/blog\/wp-json\/wp\/v2\/types\/page"}],"author":[{"embeddable":true,"href":"https:\/\/www.mayjan.es\/blog\/wp-json\/wp\/v2\/users\/2"}],"replies":[{"embeddable":true,"href":"https:\/\/www.mayjan.es\/blog\/wp-json\/wp\/v2\/comments?post=27"}],"version-history":[{"count":13,"href":"https:\/\/www.mayjan.es\/blog\/wp-json\/wp\/v2\/pages\/27\/revisions"}],"predecessor-version":[{"id":2740,"href":"https:\/\/www.mayjan.es\/blog\/wp-json\/wp\/v2\/pages\/27\/revisions\/2740"}],"wp:featuredmedia":[{"embeddable":true,"href":"https:\/\/www.mayjan.es\/blog\/wp-json\/wp\/v2\/media\/1598"}],"wp:attachment":[{"href":"https:\/\/www.mayjan.es\/blog\/wp-json\/wp\/v2\/media?parent=27"}],"curies":[{"name":"wp","href":"https:\/\/api.w.org\/{rel}","templated":true}]}}